{"id":43,"date":"2021-04-06T13:10:25","date_gmt":"2021-04-06T12:10:25","guid":{"rendered":"https:\/\/floresdobarlavento.org\/pt\/?page_id=43"},"modified":"2021-04-12T13:08:52","modified_gmt":"2021-04-12T12:08:52","slug":"porque-participar","status":"publish","type":"page","link":"https:\/\/floresdobarlavento.org\/pt\/porque-participar\/","title":{"rendered":"Porqu\u00ea participar?"},"content":{"rendered":"\n<p>H\u00e1 muitos benef\u00edcios em trabalhar com as Flores. Um dos aspectos mais importantes para n\u00f3s \u00e9 a conex\u00e3o, embora a tecnologia nos tenha conectado de maneiras incr\u00edveis, come\u00e7amos a perceber que h\u00e1 outras conex\u00f5es que parece ter-mos perdido. De alguma forma, tornou-se normal n\u00e3o conhecermos os nossos vizinhos ou de onde vem a nossa comida. J\u00e1 n\u00e3o sabemos quem plantou aquela colheita, e a maioria pouco sabe sobre as pessoas que constroem as nossas casas ou v\u00eam arranjar as nossa canaliza\u00e7\u00f5es. Outra coisa incr\u00edvel da Flores \u00e9 como ela transforma a nossa rela\u00e7\u00e3o com as coisas e servi\u00e7os que usamos, e como nos aproxima dos nossos vizinhos. Por mais pequeno que seja o contacto em ir buscar um saco de laranjas, que algu\u00e9m apanhou no seu jardim, ficamos sempre com uma pequena ideia de onde v\u00eam essas laranjas e de que as apanhou. Descobrimos que, na realidade, muitas novas amizades e colabora\u00e7\u00f5es brotam da simples intera\u00e7\u00e3o em obter comida ou arranjar o carro.<\/p>\n\n\n\n<div class=\"join-button\" style=\"\"><a href=\"\/pt\/como-participar\/\" target=\"_self\" rel=\"noopener\"><br><span>ENTRAR<\/span><\/a><\/div>\n\n\n\n<div style=\"height:100px\" aria-hidden=\"true\" class=\"wp-block-spacer\"><\/div>\n","protected":false},"excerpt":{"rendered":"<p>H\u00e1 muitos benef\u00edcios em trabalhar com as Flores. Um dos aspectos mais importantes para n\u00f3s \u00e9 a conex\u00e3o, embora a [&hellip;]<\/p>\n","protected":false},"author":1,"featured_media":25,"parent":0,"menu_order":0,"comment_status":"closed","ping_status":"closed","template":"","meta":{"_acf_changed":false,"_uag_custom_page_level_css":"","site-sidebar-layout":"default","site-content-layout":"","ast-site-content-layout":"default","site-content-style":"default","site-sidebar-style":"default","ast-global-header-display":"","ast-banner-title-visibility":"","ast-main-header-display":"","ast-hfb-above-header-display":"","ast-hfb-below-header-display":"","ast-hfb-mobile-header-display":"","site-post-title":"","ast-breadcrumbs-content":"","ast-featured-img":"","footer-sml-layout":"","ast-disable-related-posts":"","theme-transparent-header-meta":"","adv-header-id-meta":"","stick-header-meta":"","header-above-stick-meta":"","header-main-stick-meta":"","header-below-stick-meta":"","astra-migrate-meta-layouts":"default","ast-page-background-enabled":"default","ast-page-background-meta":{"desktop":{"background-color":"var(--ast-global-color-5)","background-image":"","background-repeat":"repeat","background-position":"center center","background-size":"auto","background-attachment":"scroll","background-type":"","background-media":"","overlay-type":"","overlay-color":"","overlay-opacity":"","overlay-gradient":""},"tablet":{"background-color":"","background-image":"","background-repeat":"repeat","background-position":"center center","background-size":"auto","background-attachment":"scroll","background-type":"","background-media":"","overlay-type":"","overlay-color":"","overlay-opacity":"","overlay-gradient":""},"mobile":{"background-color":"","background-image":"","background-repeat":"repeat","background-position":"center center","background-size":"auto","background-attachment":"scroll","background-type":"","background-media":"","overlay-type":"","overlay-color":"","overlay-opacity":"","overlay-gradient":""}},"ast-content-background-meta":{"desktop":{"background-color":"var(--ast-global-color-4)","background-image":"","background-repeat":"repeat","background-position":"center center","background-size":"auto","background-attachment":"scroll","background-type":"","background-media":"","overlay-type":"","overlay-color":"","overlay-opacity":"","overlay-gradient":""},"tablet":{"background-color":"var(--ast-global-color-4)","background-image":"","background-repeat":"repeat","background-position":"center center","background-size":"auto","background-attachment":"scroll","background-type":"","background-media":"","overlay-type":"","overlay-color":"","overlay-opacity":"","overlay-gradient":""},"mobile":{"background-color":"var(--ast-global-color-4)","background-image":"","background-repeat":"repeat","background-position":"center center","background-size":"auto","background-attachment":"scroll","background-type":"","background-media":"","overlay-type":"","overlay-color":"","overlay-opacity":"","overlay-gradient":""}},"footnotes":""},"class_list":["post-43","page","type-page","status-publish","has-post-thumbnail","hentry"],"acf":[],"uagb_featured_image_src":{"full":["https:\/\/floresdobarlavento.org\/pt\/wp-content\/uploads\/sites\/2\/2021\/04\/WHY-would-I-join.jpg",640,465,false],"thumbnail":["https:\/\/floresdobarlavento.org\/pt\/wp-content\/uploads\/sites\/2\/2021\/04\/WHY-would-I-join-150x150.jpg",150,150,true],"medium":["https:\/\/floresdobarlavento.org\/pt\/wp-content\/uploads\/sites\/2\/2021\/04\/WHY-would-I-join-300x218.jpg",300,218,true],"medium_large":["https:\/\/floresdobarlavento.org\/pt\/wp-content\/uploads\/sites\/2\/2021\/04\/WHY-would-I-join.jpg",640,465,false],"large":["https:\/\/floresdobarlavento.org\/pt\/wp-content\/uploads\/sites\/2\/2021\/04\/WHY-would-I-join.jpg",640,465,false],"1536x1536":["https:\/\/floresdobarlavento.org\/pt\/wp-content\/uploads\/sites\/2\/2021\/04\/WHY-would-I-join.jpg",640,465,false],"2048x2048":["https:\/\/floresdobarlavento.org\/pt\/wp-content\/uploads\/sites\/2\/2021\/04\/WHY-would-I-join.jpg",640,465,false]},"uagb_author_info":{"display_name":"Natacha","author_link":"https:\/\/floresdobarlavento.org\/pt\/author\/natacha\/"},"uagb_comment_info":0,"uagb_excerpt":"H\u00e1 muitos benef\u00edcios em trabalhar com as Flores. Um dos aspectos mais importantes para n\u00f3s \u00e9 a conex\u00e3o, embora a [&hellip;]","_links":{"self":[{"href":"https:\/\/floresdobarlavento.org\/pt\/wp-json\/wp\/v2\/pages\/43","targetHints":{"allow":["GET"]}}],"collection":[{"href":"https:\/\/floresdobarlavento.org\/pt\/wp-json\/wp\/v2\/pages"}],"about":[{"href":"https:\/\/floresdobarlavento.org\/pt\/wp-json\/wp\/v2\/types\/page"}],"author":[{"embeddable":true,"href":"https:\/\/floresdobarlavento.org\/pt\/wp-json\/wp\/v2\/users\/1"}],"replies":[{"embeddable":true,"href":"https:\/\/floresdobarlavento.org\/pt\/wp-json\/wp\/v2\/comments?post=43"}],"version-history":[{"count":6,"href":"https:\/\/floresdobarlavento.org\/pt\/wp-json\/wp\/v2\/pages\/43\/revisions"}],"predecessor-version":[{"id":131,"href":"https:\/\/floresdobarlavento.org\/pt\/wp-json\/wp\/v2\/pages\/43\/revisions\/131"}],"wp:featuredmedia":[{"embeddable":true,"href":"https:\/\/floresdobarlavento.org\/pt\/wp-json\/wp\/v2\/media\/25"}],"wp:attachment":[{"href":"https:\/\/floresdobarlavento.org\/pt\/wp-json\/wp\/v2\/media?parent=43"}],"curies":[{"name":"wp","href":"https:\/\/api.w.org\/{rel}","templated":true}]}}