{"id":41,"date":"2021-04-06T13:09:57","date_gmt":"2021-04-06T12:09:57","guid":{"rendered":"https:\/\/floresdobarlavento.org\/pt\/?page_id=41"},"modified":"2021-04-12T13:08:42","modified_gmt":"2021-04-12T12:08:42","slug":"quando-tudo-isto-comecou","status":"publish","type":"page","link":"https:\/\/floresdobarlavento.org\/pt\/quando-tudo-isto-comecou\/","title":{"rendered":"Quando tudo isto come\u00e7ou?"},"content":{"rendered":"\n<p>No ver\u00e3o de 2020, um inc\u00eandio devastador alastrou-se durante quil\u00f3metros no sudoeste de Portugal. Em quest\u00e3o de horas, a paisagem transformou-se num cemit\u00e9rio de \u00e1rvores mortas e terra negra fumegante. Muitos dos membros da nossa comunidade perderam tudo o que tinham. Podes imaginar a perda e a perplexidade que sentiram ao ver anos de trabalho na terra e constru\u00e7\u00e3o de vidas sustent\u00e1veis partir com o fumo\u2026<br>No entanto, uma das coisas surpreendentes que surgiu desse inc\u00eandio \u00e9 um desenvolvimento bonito e muito org\u00e2nico da comunidade. Foi realmente inspirador ver a rapidez com que os vizinhos (pr\u00f3ximos e distantes) se reuniram para ajudar. Assim, pequenos grupos foram formados para ajudar a limpar a terra, replantar a vegeta\u00e7\u00e3o e partilhar ideias sobre como tornar a terra mais resiliente contra poss\u00edveis inc\u00eandios futuros.<br>Ent\u00e3o surgiu a necessidade de organizar essas partilhas de forma mais estruturada e eficiente. Al\u00e9m disso, havia muitas pessoas que n\u00e3o foram afectadas pelo inc\u00eandio que queriam ajudar e n\u00f3s quer\u00edamos encontrar uma forma de retribuir-lhes esse favor algum dia. Foi ent\u00e3o que surgiu a ideia de criar um sistema de troca para organizar toda essa generosidade. Come\u00e7amos a pesquisar os sistemas existentes e encontramos a plataforma CES onde registramos a nossa pr\u00f3pria Flor. Hoje temos muitas pessoas circulando \u00e0 volta desta ideia e mais bens est\u00e3o sendo trocados, al\u00e9m das m\u00e3os que ajudam.<\/p>\n\n\n\n<div class=\"join-button\" style=\"\"><a href=\"\/pt\/como-participar\/\" target=\"_self\" rel=\"noopener\"><br><span>ENTRAR<\/span><\/a><\/div>\n\n\n\n<div style=\"height:100px\" aria-hidden=\"true\" class=\"wp-block-spacer\"><\/div>\n","protected":false},"excerpt":{"rendered":"<p>No ver\u00e3o de 2020, um inc\u00eandio devastador alastrou-se durante quil\u00f3metros no sudoeste de Portugal. Em quest\u00e3o de horas, a paisagem [&hellip;]<\/p>\n","protected":false},"author":1,"featured_media":24,"parent":0,"menu_order":0,"comment_status":"closed","ping_status":"closed","template":"","meta":{"_acf_changed":false,"_uag_custom_page_level_css":"","site-sidebar-layout":"default","site-content-layout":"","ast-site-content-layout":"default","site-content-style":"default","site-sidebar-style":"default","ast-global-header-display":"","ast-banner-title-visibility":"","ast-main-header-display":"","ast-hfb-above-header-display":"","ast-hfb-below-header-display":"","ast-hfb-mobile-header-display":"","site-post-title":"","ast-breadcrumbs-content":"","ast-featured-img":"","footer-sml-layout":"","ast-disable-related-posts":"","theme-transparent-header-meta":"","adv-header-id-meta":"","stick-header-meta":"","header-above-stick-meta":"","header-main-stick-meta":"","header-below-stick-meta":"","astra-migrate-meta-layouts":"default","ast-page-background-enabled":"default","ast-page-background-meta":{"desktop":{"background-color":"var(--ast-global-color-5)","background-image":"","background-repeat":"repeat","background-position":"center center","background-size":"auto","background-attachment":"scroll","background-type":"","background-media":"","overlay-type":"","overlay-color":"","overlay-opacity":"","overlay-gradient":""},"tablet":{"background-color":"","background-image":"","background-repeat":"repeat","background-position":"center center","background-size":"auto","background-attachment":"scroll","background-type":"","background-media":"","overlay-type":"","overlay-color":"","overlay-opacity":"","overlay-gradient":""},"mobile":{"background-color":"","background-image":"","background-repeat":"repeat","background-position":"center center","background-size":"auto","background-attachment":"scroll","background-type":"","background-media":"","overlay-type":"","overlay-color":"","overlay-opacity":"","overlay-gradient":""}},"ast-content-background-meta":{"desktop":{"background-color":"var(--ast-global-color-4)","background-image":"","background-repeat":"repeat","background-position":"center center","background-size":"auto","background-attachment":"scroll","background-type":"","background-media":"","overlay-type":"","overlay-color":"","overlay-opacity":"","overlay-gradient":""},"tablet":{"background-color":"var(--ast-global-color-4)","background-image":"","background-repeat":"repeat","background-position":"center center","background-size":"auto","background-attachment":"scroll","background-type":"","background-media":"","overlay-type":"","overlay-color":"","overlay-opacity":"","overlay-gradient":""},"mobile":{"background-color":"var(--ast-global-color-4)","background-image":"","background-repeat":"repeat","background-position":"center center","background-size":"auto","background-attachment":"scroll","background-type":"","background-media":"","overlay-type":"","overlay-color":"","overlay-opacity":"","overlay-gradient":""}},"footnotes":""},"class_list":["post-41","page","type-page","status-publish","has-post-thumbnail","hentry"],"acf":[],"uagb_featured_image_src":{"full":["https:\/\/floresdobarlavento.org\/pt\/wp-content\/uploads\/sites\/2\/2021\/04\/WHERE-did-this-start.jpg",1024,768,false],"thumbnail":["https:\/\/floresdobarlavento.org\/pt\/wp-content\/uploads\/sites\/2\/2021\/04\/WHERE-did-this-start-150x150.jpg",150,150,true],"medium":["https:\/\/floresdobarlavento.org\/pt\/wp-content\/uploads\/sites\/2\/2021\/04\/WHERE-did-this-start-300x225.jpg",300,225,true],"medium_large":["https:\/\/floresdobarlavento.org\/pt\/wp-content\/uploads\/sites\/2\/2021\/04\/WHERE-did-this-start.jpg",768,576,false],"large":["https:\/\/floresdobarlavento.org\/pt\/wp-content\/uploads\/sites\/2\/2021\/04\/WHERE-did-this-start.jpg",1024,768,false],"1536x1536":["https:\/\/floresdobarlavento.org\/pt\/wp-content\/uploads\/sites\/2\/2021\/04\/WHERE-did-this-start.jpg",1024,768,false],"2048x2048":["https:\/\/floresdobarlavento.org\/pt\/wp-content\/uploads\/sites\/2\/2021\/04\/WHERE-did-this-start.jpg",1024,768,false]},"uagb_author_info":{"display_name":"Natacha","author_link":"https:\/\/floresdobarlavento.org\/pt\/author\/natacha\/"},"uagb_comment_info":0,"uagb_excerpt":"No ver\u00e3o de 2020, um inc\u00eandio devastador alastrou-se durante quil\u00f3metros no sudoeste de Portugal. Em quest\u00e3o de horas, a paisagem [&hellip;]","_links":{"self":[{"href":"https:\/\/floresdobarlavento.org\/pt\/wp-json\/wp\/v2\/pages\/41","targetHints":{"allow":["GET"]}}],"collection":[{"href":"https:\/\/floresdobarlavento.org\/pt\/wp-json\/wp\/v2\/pages"}],"about":[{"href":"https:\/\/floresdobarlavento.org\/pt\/wp-json\/wp\/v2\/types\/page"}],"author":[{"embeddable":true,"href":"https:\/\/floresdobarlavento.org\/pt\/wp-json\/wp\/v2\/users\/1"}],"replies":[{"embeddable":true,"href":"https:\/\/floresdobarlavento.org\/pt\/wp-json\/wp\/v2\/comments?post=41"}],"version-history":[{"count":6,"href":"https:\/\/floresdobarlavento.org\/pt\/wp-json\/wp\/v2\/pages\/41\/revisions"}],"predecessor-version":[{"id":130,"href":"https:\/\/floresdobarlavento.org\/pt\/wp-json\/wp\/v2\/pages\/41\/revisions\/130"}],"wp:featuredmedia":[{"embeddable":true,"href":"https:\/\/floresdobarlavento.org\/pt\/wp-json\/wp\/v2\/media\/24"}],"wp:attachment":[{"href":"https:\/\/floresdobarlavento.org\/pt\/wp-json\/wp\/v2\/media?parent=41"}],"curies":[{"name":"wp","href":"https:\/\/api.w.org\/{rel}","templated":true}]}}