{"id":39,"date":"2021-04-06T13:09:41","date_gmt":"2021-04-06T12:09:41","guid":{"rendered":"https:\/\/floresdobarlavento.org\/pt\/?page_id=39"},"modified":"2025-04-12T14:18:43","modified_gmt":"2025-04-12T13:18:43","slug":"como-participar","status":"publish","type":"page","link":"https:\/\/floresdobarlavento.org\/pt\/como-participar\/","title":{"rendered":"Como participar?"},"content":{"rendered":"\n<div class=\"wp-block-cover is-light\"><span aria-hidden=\"true\" class=\"wp-block-cover__background has-background-dim-30 has-background-dim\" style=\"background-color:#9a8f84\"><\/span><img loading=\"lazy\" decoding=\"async\" width=\"1200\" height=\"675\" class=\"wp-block-cover__image-background wp-image-204\" alt=\"\" src=\"https:\/\/floresdobarlavento.org\/pt\/wp-content\/uploads\/sites\/2\/2025\/04\/feira-de-velharias-.jpg\" style=\"object-position:51% 52%\" data-object-fit=\"cover\" data-object-position=\"51% 52%\" srcset=\"https:\/\/floresdobarlavento.org\/pt\/wp-content\/uploads\/sites\/2\/2025\/04\/feira-de-velharias-.jpg 1200w, https:\/\/floresdobarlavento.org\/pt\/wp-content\/uploads\/sites\/2\/2025\/04\/feira-de-velharias--300x169.jpg 300w, https:\/\/floresdobarlavento.org\/pt\/wp-content\/uploads\/sites\/2\/2025\/04\/feira-de-velharias--1024x576.jpg 1024w, https:\/\/floresdobarlavento.org\/pt\/wp-content\/uploads\/sites\/2\/2025\/04\/feira-de-velharias--768x432.jpg 768w\" sizes=\"auto, (max-width: 1200px) 100vw, 1200px\" \/><div class=\"wp-block-cover__inner-container is-layout-constrained wp-block-cover-is-layout-constrained\">\n<p class=\"has-text-align-center has-ast-global-color-4-color has-text-color has-link-color has-large-font-size wp-elements-bcb3ae0f6bd68c3a71dbd1cd2dee2121\">Como participar?<\/p>\n<\/div><\/div>\n\n\n<style>.kb-row-layout-id39_0483f8-71 > .kt-row-column-wrap{align-content:start;}:where(.kb-row-layout-id39_0483f8-71 > .kt-row-column-wrap) > .wp-block-kadence-column{justify-content:start;}.kb-row-layout-id39_0483f8-71 > .kt-row-column-wrap{column-gap:var(--global-kb-gap-md, 2rem);row-gap:var(--global-kb-gap-md, 2rem);padding-top:var(--global-kb-spacing-sm, 1.5rem);padding-bottom:var(--global-kb-spacing-sm, 1.5rem);grid-template-columns:minmax(0, 2fr) minmax(0, 1fr);}.kb-row-layout-id39_0483f8-71 > .kt-row-layout-overlay{opacity:0.30;}@media all and (max-width: 1024px){.kb-row-layout-id39_0483f8-71 > .kt-row-column-wrap{grid-template-columns:minmax(0, 2fr) minmax(0, 1fr);}}@media all and (max-width: 767px){.kb-row-layout-id39_0483f8-71 > .kt-row-column-wrap{grid-template-columns:minmax(0, 1fr);}}<\/style><div class=\"kb-row-layout-wrap kb-row-layout-id39_0483f8-71 alignnone wp-block-kadence-rowlayout\"><div class=\"kt-row-column-wrap kt-has-2-columns kt-row-layout-left-golden kt-tab-layout-inherit kt-mobile-layout-row kt-row-valign-top\">\n<style>.kadence-column39_480437-f9 > .kt-inside-inner-col,.kadence-column39_480437-f9 > .kt-inside-inner-col:before{border-top-left-radius:0px;border-top-right-radius:0px;border-bottom-right-radius:0px;border-bottom-left-radius:0px;}.kadence-column39_480437-f9 > .kt-inside-inner-col{column-gap:var(--global-kb-gap-sm, 1rem);}.kadence-column39_480437-f9 > .kt-inside-inner-col{flex-direction:column;}.kadence-column39_480437-f9 > .kt-inside-inner-col > .aligncenter{width:100%;}.kadence-column39_480437-f9 > .kt-inside-inner-col:before{opacity:0.3;}.kadence-column39_480437-f9{position:relative;}@media all and (max-width: 1024px){.kadence-column39_480437-f9 > .kt-inside-inner-col{flex-direction:column;justify-content:center;}}@media all and (max-width: 767px){.kadence-column39_480437-f9 > .kt-inside-inner-col{flex-direction:column;justify-content:center;}}<\/style>\n<div class=\"wp-block-kadence-column kadence-column39_480437-f9\"><div class=\"kt-inside-inner-col\">\n<p>Em breve poder\u00e1s criar e gerir a tua conta Flores aqui mesmo, no nosso site. At\u00e9 l\u00e1 podes clicar no link registra-te aqui para come\u00e7ar a trocar com Flores. CES significa Community Exchange System, \u00e9 um site internacional onde qualquer pessoa pode criar o seu pr\u00f3prio meio de troca. Fizemos uma conta para as nossas Flores e s\u00e3o apenas alguns minutos para entrar na comunidade. Podes logo come\u00e7ar a trocar, oferecendo coisas ou contactando algu\u00e9m com outras ofertas. Veja <a href=\"https:\/\/floresdobarlavento.org\/pt\/como-funciona\/\" data-type=\"page\" data-id=\"37\">COMO funciona?<\/a> para mais informa\u00e7\u00e3o sobre como se inscrever.<\/p>\n<\/div><\/div>\n\n\n<style>.kadence-column39_5c448d-fe > .kt-inside-inner-col,.kadence-column39_5c448d-fe > .kt-inside-inner-col:before{border-top-left-radius:0px;border-top-right-radius:0px;border-bottom-right-radius:0px;border-bottom-left-radius:0px;}.kadence-column39_5c448d-fe > .kt-inside-inner-col{column-gap:var(--global-kb-gap-sm, 1rem);}.kadence-column39_5c448d-fe > .kt-inside-inner-col{flex-direction:column;}.kadence-column39_5c448d-fe > .kt-inside-inner-col > .aligncenter{width:100%;}.kadence-column39_5c448d-fe > .kt-inside-inner-col:before{opacity:0.3;}.kadence-column39_5c448d-fe{position:relative;}@media all and (max-width: 1024px){.kadence-column39_5c448d-fe > .kt-inside-inner-col{flex-direction:column;justify-content:center;}}@media all and (max-width: 767px){.kadence-column39_5c448d-fe > .kt-inside-inner-col{flex-direction:column;justify-content:center;}}<\/style>\n<div class=\"wp-block-kadence-column kadence-column39_5c448d-fe\"><div class=\"kt-inside-inner-col\">\n<a href=\"https:\/\/www.community-exchange.org\/home\/ces-exchanges\/?xid=FLOR\" data-type=\"URL\" data-id=\"https:\/\/www.community-exchange.org\/home\/ces-exchanges\/?xid=FLOR\" target=\"_blank\" rel=\"noopener\">\n<p><strong>Registrar-se no CES<\/strong><\/p>\n<figure class=\"wp-block-image size-large\"><img decoding=\"async\" loading=\"lazy\" width=\"174\" height=\"73\" src=\"https:\/\/floresdobarlavento.org\/pt\/wp-content\/uploads\/sites\/2\/2021\/04\/Screen-Shot-2021-03-01-at-14.23.59.png\" alt=\"\" class=\"wp-image-112\"><\/figure>\n<\/a>\n<\/div><\/div>\n\n<\/div><\/div>","protected":false},"excerpt":{"rendered":"<p>Em breve poder\u00e1s criar e gerir a tua conta Flores aqui mesmo, no nosso site. At\u00e9 l\u00e1 podes clicar no [&hellip;]<\/p>\n","protected":false},"author":1,"featured_media":0,"parent":0,"menu_order":0,"comment_status":"closed","ping_status":"closed","template":"","meta":{"_acf_changed":false,"_uag_custom_page_level_css":"","site-sidebar-layout":"default","site-content-layout":"","ast-site-content-layout":"","site-content-style":"default","site-sidebar-style":"default","ast-global-header-display":"","ast-banner-title-visibility":"","ast-main-header-display":"","ast-hfb-above-header-display":"","ast-hfb-below-header-display":"","ast-hfb-mobile-header-display":"","site-post-title":"disabled","ast-breadcrumbs-content":"","ast-featured-img":"","footer-sml-layout":"","ast-disable-related-posts":"","theme-transparent-header-meta":"","adv-header-id-meta":"","stick-header-meta":"","header-above-stick-meta":"","header-main-stick-meta":"","header-below-stick-meta":"","astra-migrate-meta-layouts":"default","ast-page-background-enabled":"default","ast-page-background-meta":{"desktop":{"background-color":"var(--ast-global-color-5)","background-image":"","background-repeat":"repeat","background-position":"center center","background-size":"auto","background-attachment":"scroll","background-type":"","background-media":"","overlay-type":"","overlay-color":"","overlay-opacity":"","overlay-gradient":""},"tablet":{"background-color":"","background-image":"","background-repeat":"repeat","background-position":"center center","background-size":"auto","background-attachment":"scroll","background-type":"","background-media":"","overlay-type":"","overlay-color":"","overlay-opacity":"","overlay-gradient":""},"mobile":{"background-color":"","background-image":"","background-repeat":"repeat","background-position":"center center","background-size":"auto","background-attachment":"scroll","background-type":"","background-media":"","overlay-type":"","overlay-color":"","overlay-opacity":"","overlay-gradient":""}},"ast-content-background-meta":{"desktop":{"background-color":"var(--ast-global-color-4)","background-image":"","background-repeat":"repeat","background-position":"center center","background-size":"auto","background-attachment":"scroll","background-type":"","background-media":"","overlay-type":"","overlay-color":"","overlay-opacity":"","overlay-gradient":""},"tablet":{"background-color":"var(--ast-global-color-4)","background-image":"","background-repeat":"repeat","background-position":"center center","background-size":"auto","background-attachment":"scroll","background-type":"","background-media":"","overlay-type":"","overlay-color":"","overlay-opacity":"","overlay-gradient":""},"mobile":{"background-color":"var(--ast-global-color-4)","background-image":"","background-repeat":"repeat","background-position":"center center","background-size":"auto","background-attachment":"scroll","background-type":"","background-media":"","overlay-type":"","overlay-color":"","overlay-opacity":"","overlay-gradient":""}},"footnotes":""},"class_list":["post-39","page","type-page","status-publish","hentry"],"acf":[],"uagb_featured_image_src":{"full":false,"thumbnail":false,"medium":false,"medium_large":false,"large":false,"1536x1536":false,"2048x2048":false},"uagb_author_info":{"display_name":"Natacha","author_link":"https:\/\/floresdobarlavento.org\/pt\/author\/natacha\/"},"uagb_comment_info":0,"uagb_excerpt":"Em breve poder\u00e1s criar e gerir a tua conta Flores aqui mesmo, no nosso site. At\u00e9 l\u00e1 podes clicar no [&hellip;]","_links":{"self":[{"href":"https:\/\/floresdobarlavento.org\/pt\/wp-json\/wp\/v2\/pages\/39","targetHints":{"allow":["GET"]}}],"collection":[{"href":"https:\/\/floresdobarlavento.org\/pt\/wp-json\/wp\/v2\/pages"}],"about":[{"href":"https:\/\/floresdobarlavento.org\/pt\/wp-json\/wp\/v2\/types\/page"}],"author":[{"embeddable":true,"href":"https:\/\/floresdobarlavento.org\/pt\/wp-json\/wp\/v2\/users\/1"}],"replies":[{"embeddable":true,"href":"https:\/\/floresdobarlavento.org\/pt\/wp-json\/wp\/v2\/comments?post=39"}],"version-history":[{"count":12,"href":"https:\/\/floresdobarlavento.org\/pt\/wp-json\/wp\/v2\/pages\/39\/revisions"}],"predecessor-version":[{"id":206,"href":"https:\/\/floresdobarlavento.org\/pt\/wp-json\/wp\/v2\/pages\/39\/revisions\/206"}],"wp:attachment":[{"href":"https:\/\/floresdobarlavento.org\/pt\/wp-json\/wp\/v2\/media?parent=39"}],"curies":[{"name":"wp","href":"https:\/\/api.w.org\/{rel}","templated":true}]}}