{"id":37,"date":"2021-04-06T13:09:22","date_gmt":"2021-04-06T12:09:22","guid":{"rendered":"https:\/\/floresdobarlavento.org\/pt\/?page_id=37"},"modified":"2022-04-07T16:00:02","modified_gmt":"2022-04-07T15:00:02","slug":"como-funciona","status":"publish","type":"page","link":"https:\/\/floresdobarlavento.org\/pt\/como-funciona\/","title":{"rendered":"Como funciona?"},"content":{"rendered":"\n<h3 class=\"has-text-align-left wp-block-heading\">Como FLORescer?<\/h3>\n\n\n\n<p class=\"has-text-align-left\">Juntar-se \u00e0 nossa comunidade \u00e9 f\u00e1cil. Leva apenas alguns minutos para te inscreveres e podes come\u00e7ar a interagir imediatamente, oferecendo os teus talentos e produtos. Depois de te registares decides qual \u00e9 o valor das tuas ofertas e adicionas uma imagem\/ descri\u00e7\u00e3o dessas mesmas.<\/p>\n\n\n\n<div style=\"height:21px\" aria-hidden=\"true\" class=\"wp-block-spacer\"><\/div>\n\n\n\n<h3 class=\"has-text-align-left wp-block-heading\">Como valorizar a tua oferta?<\/h3>\n\n\n\n<p class=\"has-text-align-left\">O princ\u00edpio b\u00e1sico de troca \u00e9 que uma hora vale 10 FLORes. No entanto, trabalhar com ferramentas caras ou m\u00e3o de obra altamente qualificada poder\u00e1 ser mais valorizada. Se n\u00e3o tens a certeza do que oferecer ou como valoriz\u00e1-lo, podes verificar as ofertas de outras pessoas para te inspirares.<\/p>\n\n\n\n<div style=\"height:100px\" aria-hidden=\"true\" class=\"wp-block-spacer\"><\/div>\n\n\n\n<h3 class=\"has-text-align-left wp-block-heading\">Como cobrir os custos?<\/h3>\n\n\n\n<p class=\"has-text-align-left\">Tamb\u00e9m \u00e9 poss\u00edvel juntares euros ao c\u00e1lculo de produtos ou servi\u00e7os que impliquem custos em euros. Por exemplo: ao oferecer um bolo de chocolate ou uma viagem de t\u00e1xi podes adicionar ingredientes ou gasolina em \u20ac.<br>\u00c9 sempre uma quest\u00e3o de pr\u00e9vio acordo m\u00fatuo entre os dois que fazem a troca.<\/p>\n\n\n\n<div style=\"height:100px\" aria-hidden=\"true\" class=\"wp-block-spacer\"><\/div>\n\n\n\n<h3 class=\"has-text-align-left wp-block-heading\">Qual \u00e9 a rela\u00e7\u00e3o com o dinheiro?<\/h3>\n\n\n\n<p class=\"has-text-align-left\">Preferimos n\u00e3o fazer compara\u00e7\u00f5es com o dinheiro. As flores s\u00e3o unidades de troca e s\u00e3o simplesmente n\u00fameros (sem valor fora do nosso sistema), registados na plataforma do CES onde cada utilizador tem a sua conta pessoal.<\/p>\n\n\n\n<div style=\"height:100px\" aria-hidden=\"true\" class=\"wp-block-spacer\"><\/div>\n\n\n\n<h3 class=\"has-text-align-left wp-block-heading\">Como manter o equil\u00edbrio?<\/h3>\n\n\n\n<p class=\"has-text-align-left\">Quando recebo servi\u00e7os ou bens de um membro da comunidade, a minha conta \u00e9 debitada (-) no valor acordado de Flores. E vice-versa, sou creditado (+) quando estou no outro do lado da troca.<br>Para garantir um certo equil\u00edbrio, estamos limitados ao m\u00e1ximo +400 e -400 Flores. Desta forma, ser\u00e1s lembrado de receber tamb\u00e9m quando estiveres principalmente a dar e vice-versa. N\u00e3o precisas esperar que algu\u00e9m compre ou use um servi\u00e7o teu para come\u00e7ar a trocar, tamb\u00e9m podes come\u00e7ar por receber.<\/p>\n\n\n\n<div style=\"height:100px\" aria-hidden=\"true\" class=\"wp-block-spacer\"><\/div>\n\n\n\n<h3 class=\"has-text-align-left wp-block-heading\">Como apoiar o grupo que administra a plataforma?<\/h3>\n\n\n\n<p class=\"has-text-align-left\">No momento da cria\u00e7\u00e3o da tua conta s\u00e3o debitados 20 Flores que ser\u00e3o utilizadas para retribuir a equipa dedicada e respons\u00e1vel pelas Flores do Barlavento. Desta forma, evitamos os t\u00edpicos esgotamentos que organiza\u00e7\u00f5es sem fins lucrativos tendem a sofrer.<\/p>\n\n\n\n<div style=\"height:100px\" aria-hidden=\"true\" class=\"wp-block-spacer\"><\/div>\n\n\n\n<div class=\"join-button\" style=\"\"><a href=\"\/pt\/como-participar\/\" target=\"_self\" rel=\"noopener\"><br><span>ENTRAR<\/span><\/a><\/div>\n\n\n\n<div style=\"height:100px\" aria-hidden=\"true\" class=\"wp-block-spacer\"><\/div>\n","protected":false},"excerpt":{"rendered":"<p>Como FLORescer? Juntar-se \u00e0 nossa comunidade \u00e9 f\u00e1cil. Leva apenas alguns minutos para te inscreveres e podes come\u00e7ar a interagir [&hellip;]<\/p>\n","protected":false},"author":1,"featured_media":26,"parent":0,"menu_order":0,"comment_status":"closed","ping_status":"closed","template":"","meta":{"_acf_changed":false,"_uag_custom_page_level_css":"","site-sidebar-layout":"default","site-content-layout":"","ast-site-content-layout":"default","site-content-style":"default","site-sidebar-style":"default","ast-global-header-display":"","ast-banner-title-visibility":"","ast-main-header-display":"","ast-hfb-above-header-display":"","ast-hfb-below-header-display":"","ast-hfb-mobile-header-display":"","site-post-title":"","ast-breadcrumbs-content":"","ast-featured-img":"","footer-sml-layout":"","ast-disable-related-posts":"","theme-transparent-header-meta":"","adv-header-id-meta":"","stick-header-meta":"","header-above-stick-meta":"","header-main-stick-meta":"","header-below-stick-meta":"","astra-migrate-meta-layouts":"default","ast-page-background-enabled":"default","ast-page-background-meta":{"desktop":{"background-color":"var(--ast-global-color-5)","background-image":"","background-repeat":"repeat","background-position":"center center","background-size":"auto","background-attachment":"scroll","background-type":"","background-media":"","overlay-type":"","overlay-color":"","overlay-opacity":"","overlay-gradient":""},"tablet":{"background-color":"","background-image":"","background-repeat":"repeat","background-position":"center center","background-size":"auto","background-attachment":"scroll","background-type":"","background-media":"","overlay-type":"","overlay-color":"","overlay-opacity":"","overlay-gradient":""},"mobile":{"background-color":"","background-image":"","background-repeat":"repeat","background-position":"center center","background-size":"auto","background-attachment":"scroll","background-type":"","background-media":"","overlay-type":"","overlay-color":"","overlay-opacity":"","overlay-gradient":""}},"ast-content-background-meta":{"desktop":{"background-color":"var(--ast-global-color-4)","background-image":"","background-repeat":"repeat","background-position":"center center","background-size":"auto","background-attachment":"scroll","background-type":"","background-media":"","overlay-type":"","overlay-color":"","overlay-opacity":"","overlay-gradient":""},"tablet":{"background-color":"var(--ast-global-color-4)","background-image":"","background-repeat":"repeat","background-position":"center center","background-size":"auto","background-attachment":"scroll","background-type":"","background-media":"","overlay-type":"","overlay-color":"","overlay-opacity":"","overlay-gradient":""},"mobile":{"background-color":"var(--ast-global-color-4)","background-image":"","background-repeat":"repeat","background-position":"center center","background-size":"auto","background-attachment":"scroll","background-type":"","background-media":"","overlay-type":"","overlay-color":"","overlay-opacity":"","overlay-gradient":""}},"footnotes":""},"class_list":["post-37","page","type-page","status-publish","has-post-thumbnail","hentry"],"acf":[],"uagb_featured_image_src":{"full":["https:\/\/floresdobarlavento.org\/pt\/wp-content\/uploads\/sites\/2\/2021\/04\/HOW-does-it-work.jpg",1024,768,false],"thumbnail":["https:\/\/floresdobarlavento.org\/pt\/wp-content\/uploads\/sites\/2\/2021\/04\/HOW-does-it-work-150x150.jpg",150,150,true],"medium":["https:\/\/floresdobarlavento.org\/pt\/wp-content\/uploads\/sites\/2\/2021\/04\/HOW-does-it-work-300x225.jpg",300,225,true],"medium_large":["https:\/\/floresdobarlavento.org\/pt\/wp-content\/uploads\/sites\/2\/2021\/04\/HOW-does-it-work.jpg",768,576,false],"large":["https:\/\/floresdobarlavento.org\/pt\/wp-content\/uploads\/sites\/2\/2021\/04\/HOW-does-it-work.jpg",1024,768,false],"1536x1536":["https:\/\/floresdobarlavento.org\/pt\/wp-content\/uploads\/sites\/2\/2021\/04\/HOW-does-it-work.jpg",1024,768,false],"2048x2048":["https:\/\/floresdobarlavento.org\/pt\/wp-content\/uploads\/sites\/2\/2021\/04\/HOW-does-it-work.jpg",1024,768,false]},"uagb_author_info":{"display_name":"Natacha","author_link":"https:\/\/floresdobarlavento.org\/pt\/author\/natacha\/"},"uagb_comment_info":0,"uagb_excerpt":"Como FLORescer? Juntar-se \u00e0 nossa comunidade \u00e9 f\u00e1cil. Leva apenas alguns minutos para te inscreveres e podes come\u00e7ar a interagir [&hellip;]","_links":{"self":[{"href":"https:\/\/floresdobarlavento.org\/pt\/wp-json\/wp\/v2\/pages\/37","targetHints":{"allow":["GET"]}}],"collection":[{"href":"https:\/\/floresdobarlavento.org\/pt\/wp-json\/wp\/v2\/pages"}],"about":[{"href":"https:\/\/floresdobarlavento.org\/pt\/wp-json\/wp\/v2\/types\/page"}],"author":[{"embeddable":true,"href":"https:\/\/floresdobarlavento.org\/pt\/wp-json\/wp\/v2\/users\/1"}],"replies":[{"embeddable":true,"href":"https:\/\/floresdobarlavento.org\/pt\/wp-json\/wp\/v2\/comments?post=37"}],"version-history":[{"count":19,"href":"https:\/\/floresdobarlavento.org\/pt\/wp-json\/wp\/v2\/pages\/37\/revisions"}],"predecessor-version":[{"id":178,"href":"https:\/\/floresdobarlavento.org\/pt\/wp-json\/wp\/v2\/pages\/37\/revisions\/178"}],"wp:featuredmedia":[{"embeddable":true,"href":"https:\/\/floresdobarlavento.org\/pt\/wp-json\/wp\/v2\/media\/26"}],"wp:attachment":[{"href":"https:\/\/floresdobarlavento.org\/pt\/wp-json\/wp\/v2\/media?parent=37"}],"curies":[{"name":"wp","href":"https:\/\/api.w.org\/{rel}","templated":true}]}}