{"id":211,"date":"2025-04-12T14:40:14","date_gmt":"2025-04-12T13:40:14","guid":{"rendered":"https:\/\/floresdobarlavento.org\/pt\/?page_id=211"},"modified":"2025-04-12T14:40:14","modified_gmt":"2025-04-12T13:40:14","slug":"app-movel","status":"publish","type":"page","link":"https:\/\/floresdobarlavento.org\/pt\/app-movel\/","title":{"rendered":"App m\u00f3vel"},"content":{"rendered":"\n<div class=\"wp-block-uagb-advanced-heading uagb-block-87654104\"><h2 class=\"uagb-heading-text\">Instalar a aplica\u00e7\u00e3o m\u00f3vel CES no seu telem\u00f3vel<\/h2><\/div>\n\n\n<style>.kb-row-layout-id211_2d9960-ee > .kt-row-column-wrap{align-content:start;}:where(.kb-row-layout-id211_2d9960-ee > .kt-row-column-wrap) > .wp-block-kadence-column{justify-content:start;}.kb-row-layout-id211_2d9960-ee > .kt-row-column-wrap{column-gap:var(--global-kb-gap-md, 2rem);row-gap:var(--global-kb-gap-md, 2rem);padding-top:var(--global-kb-spacing-sm, 1.5rem);padding-bottom:var(--global-kb-spacing-sm, 1.5rem);grid-template-columns:minmax(0, 2fr) minmax(0, 1fr);}.kb-row-layout-id211_2d9960-ee > .kt-row-layout-overlay{opacity:0.30;}@media all and (max-width: 1024px){.kb-row-layout-id211_2d9960-ee > .kt-row-column-wrap{grid-template-columns:minmax(0, 2fr) minmax(0, 1fr);}}@media all and (max-width: 767px){.kb-row-layout-id211_2d9960-ee > .kt-row-column-wrap{grid-template-columns:minmax(0, 1fr);}}<\/style><div class=\"kb-row-layout-wrap kb-row-layout-id211_2d9960-ee alignnone wp-block-kadence-rowlayout\"><div class=\"kt-row-column-wrap kt-has-2-columns kt-row-layout-left-golden kt-tab-layout-inherit kt-mobile-layout-row kt-row-valign-top\">\n<style>.kadence-column211_804aca-e9 > .kt-inside-inner-col,.kadence-column211_804aca-e9 > .kt-inside-inner-col:before{border-top-left-radius:0px;border-top-right-radius:0px;border-bottom-right-radius:0px;border-bottom-left-radius:0px;}.kadence-column211_804aca-e9 > .kt-inside-inner-col{column-gap:var(--global-kb-gap-sm, 1rem);}.kadence-column211_804aca-e9 > .kt-inside-inner-col{flex-direction:column;}.kadence-column211_804aca-e9 > .kt-inside-inner-col > .aligncenter{width:100%;}.kadence-column211_804aca-e9 > .kt-inside-inner-col:before{opacity:0.3;}.kadence-column211_804aca-e9{position:relative;}@media all and (max-width: 1024px){.kadence-column211_804aca-e9 > .kt-inside-inner-col{flex-direction:column;justify-content:center;}}@media all and (max-width: 767px){.kadence-column211_804aca-e9 > .kt-inside-inner-col{flex-direction:column;justify-content:center;}}<\/style>\n<div class=\"wp-block-kadence-column kadence-column211_804aca-e9\"><div class=\"kt-inside-inner-col\">\n<p>Instale a aplica\u00e7\u00e3o CES mobile no seu telem\u00f3vel para que deixe de ser apenas um site no seu browser.<\/p>\n\n\n\n<p>Em primeiro lugar, aceda da forma habitual ao site CES mobile no seu telem\u00f3vel utilizando o seu browser (https:\/\/mobi.community-exchange.org). Dever\u00e1 ver um bot\u00e3o [Install App]. Se o vir, toque nele e siga as instru\u00e7\u00f5es para instalar a aplica\u00e7\u00e3o e guardar um \u00edcone no seu ecr\u00e3 inicial. Caso contr\u00e1rio, pressione o bot\u00e3o de configura\u00e7\u00f5es de 3 pontos ou 3 barras do seu navegador [\u22ee]. No menu, voc\u00ea ver\u00e1 algo como \u201cAdicionar \u00e0 tela inicial\u201d. Ao tocar nisso, voc\u00ea ser\u00e1 perguntado se deseja instalar o aplicativo e adicionar um \u00edcone \u00e0 sua tela inicial. Aceite as op\u00e7\u00f5es para concluir a a\u00e7\u00e3o.<\/p>\n\n\n\n<p>O procedimento varia ligeiramente consoante os diferentes sistemas operativos (Android e iPhone) e navegadores, mas \u00e9 semelhante.<\/p>\n\n\n\n<p>Depois de ter feito isso, saia do seu navegador e v\u00e1 para o \u00edcone no ecr\u00e3 inicial do seu telefone. Ver\u00e1 o log\u00f3tipo verde do CES. Ao tocar nesse \u00edcone, a aplica\u00e7\u00e3o \u00e9 iniciada e pode iniciar sess\u00e3o no CES da mesma forma que anteriormente. A aplica\u00e7\u00e3o tem o mesmo aspeto que o atual s\u00edtio m\u00f3vel, mas j\u00e1 n\u00e3o ser\u00e1 distra\u00eddo pela confus\u00e3o do seu navegador Web. Para sair da aplica\u00e7\u00e3o, deslize-a para fora do ecr\u00e3 da mesma forma que fecha qualquer outra aplica\u00e7\u00e3o.<\/p>\n\n\n\n<p>Est\u00e3o a ser adicionadas outras funcionalidades e o design da aplica\u00e7\u00e3o vai mudar muito. Em primeiro lugar, ser\u00e1 poss\u00edvel introduzir transac\u00e7\u00f5es offline e, em seguida, haver\u00e1 sincroniza\u00e7\u00e3o em segundo plano, notifica\u00e7\u00f5es e alertas.<\/p>\n<\/div><\/div>\n\n\n<style>.kadence-column211_a81981-ee > .kt-inside-inner-col,.kadence-column211_a81981-ee > .kt-inside-inner-col:before{border-top-left-radius:0px;border-top-right-radius:0px;border-bottom-right-radius:0px;border-bottom-left-radius:0px;}.kadence-column211_a81981-ee > .kt-inside-inner-col{column-gap:var(--global-kb-gap-sm, 1rem);}.kadence-column211_a81981-ee > .kt-inside-inner-col{flex-direction:column;}.kadence-column211_a81981-ee > .kt-inside-inner-col > .aligncenter{width:100%;}.kadence-column211_a81981-ee > .kt-inside-inner-col:before{opacity:0.3;}.kadence-column211_a81981-ee{position:relative;}@media all and (max-width: 1024px){.kadence-column211_a81981-ee > .kt-inside-inner-col{flex-direction:column;justify-content:center;}}@media all and (max-width: 767px){.kadence-column211_a81981-ee > .kt-inside-inner-col{flex-direction:column;justify-content:center;}}<\/style>\n<div class=\"wp-block-kadence-column kadence-column211_a81981-ee\"><div class=\"kt-inside-inner-col\">\n<figure class=\"wp-block-image size-full\"><img loading=\"lazy\" decoding=\"async\" width=\"196\" height=\"396\" src=\"https:\/\/floresdobarlavento.org\/pt\/wp-content\/uploads\/sites\/2\/2025\/04\/Mobile-app.png\" alt=\"\" class=\"wp-image-212\" srcset=\"https:\/\/floresdobarlavento.org\/pt\/wp-content\/uploads\/sites\/2\/2025\/04\/Mobile-app.png 196w, https:\/\/floresdobarlavento.org\/pt\/wp-content\/uploads\/sites\/2\/2025\/04\/Mobile-app-148x300.png 148w\" sizes=\"auto, (max-width: 196px) 100vw, 196px\" \/><\/figure>\n<\/div><\/div>\n\n<\/div><\/div>","protected":false},"excerpt":{"rendered":"<p>Instalar a aplica\u00e7\u00e3o m\u00f3vel CES no seu telem\u00f3vel Instale a aplica\u00e7\u00e3o CES mobile no seu telem\u00f3vel para que deixe de [&hellip;]<\/p>\n","protected":false},"author":1,"featured_media":0,"parent":0,"menu_order":0,"comment_status":"closed","ping_status":"closed","template":"","meta":{"_acf_changed":false,"_uag_custom_page_level_css":"","site-sidebar-layout":"default","site-content-layout":"","ast-site-content-layout":"","site-content-style":"default","site-sidebar-style":"default","ast-global-header-display":"","ast-banner-title-visibility":"","ast-main-header-display":"","ast-hfb-above-header-display":"","ast-hfb-below-header-display":"","ast-hfb-mobile-header-display":"","site-post-title":"disabled","ast-breadcrumbs-content":"","ast-featured-img":"","footer-sml-layout":"","ast-disable-related-posts":"","theme-transparent-header-meta":"","adv-header-id-meta":"","stick-header-meta":"","header-above-stick-meta":"","header-main-stick-meta":"","header-below-stick-meta":"","astra-migrate-meta-layouts":"default","ast-page-background-enabled":"default","ast-page-background-meta":{"desktop":{"background-color":"var(--ast-global-color-5)","background-image":"","background-repeat":"repeat","background-position":"center center","background-size":"auto","background-attachment":"scroll","background-type":"","background-media":"","overlay-type":"","overlay-color":"","overlay-opacity":"","overlay-gradient":""},"tablet":{"background-color":"","background-image":"","background-repeat":"repeat","background-position":"center center","background-size":"auto","background-attachment":"scroll","background-type":"","background-media":"","overlay-type":"","overlay-color":"","overlay-opacity":"","overlay-gradient":""},"mobile":{"background-color":"","background-image":"","background-repeat":"repeat","background-position":"center center","background-size":"auto","background-attachment":"scroll","background-type":"","background-media":"","overlay-type":"","overlay-color":"","overlay-opacity":"","overlay-gradient":""}},"ast-content-background-meta":{"desktop":{"background-color":"var(--ast-global-color-4)","background-image":"","background-repeat":"repeat","background-position":"center center","background-size":"auto","background-attachment":"scroll","background-type":"","background-media":"","overlay-type":"","overlay-color":"","overlay-opacity":"","overlay-gradient":""},"tablet":{"background-color":"var(--ast-global-color-4)","background-image":"","background-repeat":"repeat","background-position":"center center","background-size":"auto","background-attachment":"scroll","background-type":"","background-media":"","overlay-type":"","overlay-color":"","overlay-opacity":"","overlay-gradient":""},"mobile":{"background-color":"var(--ast-global-color-4)","background-image":"","background-repeat":"repeat","background-position":"center center","background-size":"auto","background-attachment":"scroll","background-type":"","background-media":"","overlay-type":"","overlay-color":"","overlay-opacity":"","overlay-gradient":""}},"footnotes":""},"class_list":["post-211","page","type-page","status-publish","hentry"],"acf":[],"uagb_featured_image_src":{"full":false,"thumbnail":false,"medium":false,"medium_large":false,"large":false,"1536x1536":false,"2048x2048":false},"uagb_author_info":{"display_name":"Natacha","author_link":"https:\/\/floresdobarlavento.org\/pt\/author\/natacha\/"},"uagb_comment_info":0,"uagb_excerpt":"Instalar a aplica\u00e7\u00e3o m\u00f3vel CES no seu telem\u00f3vel Instale a aplica\u00e7\u00e3o CES mobile no seu telem\u00f3vel para que deixe de [&hellip;]","_links":{"self":[{"href":"https:\/\/floresdobarlavento.org\/pt\/wp-json\/wp\/v2\/pages\/211","targetHints":{"allow":["GET"]}}],"collection":[{"href":"https:\/\/floresdobarlavento.org\/pt\/wp-json\/wp\/v2\/pages"}],"about":[{"href":"https:\/\/floresdobarlavento.org\/pt\/wp-json\/wp\/v2\/types\/page"}],"author":[{"embeddable":true,"href":"https:\/\/floresdobarlavento.org\/pt\/wp-json\/wp\/v2\/users\/1"}],"replies":[{"embeddable":true,"href":"https:\/\/floresdobarlavento.org\/pt\/wp-json\/wp\/v2\/comments?post=211"}],"version-history":[{"count":1,"href":"https:\/\/floresdobarlavento.org\/pt\/wp-json\/wp\/v2\/pages\/211\/revisions"}],"predecessor-version":[{"id":213,"href":"https:\/\/floresdobarlavento.org\/pt\/wp-json\/wp\/v2\/pages\/211\/revisions\/213"}],"wp:attachment":[{"href":"https:\/\/floresdobarlavento.org\/pt\/wp-json\/wp\/v2\/media?parent=211"}],"curies":[{"name":"wp","href":"https:\/\/api.w.org\/{rel}","templated":true}]}}